{"id":1988,"date":"2023-10-05T09:04:12","date_gmt":"2023-10-05T09:04:12","guid":{"rendered":"https:\/\/onj.lu\/inscriptions\/"},"modified":"2025-10-09T14:22:53","modified_gmt":"2025-10-09T14:22:53","slug":"inscriptions","status":"publish","type":"page","link":"https:\/\/onj.lu\/en\/inscriptions\/","title":{"rendered":"Inscriptions"},"content":{"rendered":"","protected":false},"excerpt":{"rendered":"","protected":false},"author":1,"featured_media":0,"parent":0,"menu_order":0,"comment_status":"closed","ping_status":"closed","template":"page-inscription.php","meta":{"_acf_changed":false,"footnotes":""},"class_list":["post-1988","page","type-page","status-publish","hentry"],"acf":[],"yoast_head":"<!-- This site is optimized with the Yoast SEO plugin v27.2 - https:\/\/yoast.com\/product\/yoast-seo-wordpress\/ -->\n<title>Orchestre National des Jeunes du Luxembourg: Inscrivez-vous \u00e0 nos \u00e9v\u00e9nements<\/title>\n<meta name=\"description\" content=\"Inscrivez-vous d\u00e8s aujourd&#039;hui aux \u00e9v\u00e9nements de l&#039;Orchestre National des Jeunes du Luxembourg et vivez une exp\u00e9rience musicale inoubliable\" \/>\n<meta name=\"robots\" content=\"index, follow, max-snippet:-1, max-image-preview:large, max-video-preview:-1\" \/>\n<link rel=\"canonical\" href=\"https:\/\/onj.lu\/en\/inscriptions\/\" \/>\n<meta property=\"og:locale\" content=\"en_US\" \/>\n<meta property=\"og:type\" content=\"article\" \/>\n<meta property=\"og:title\" content=\"Orchestre National des Jeunes du Luxembourg: Inscrivez-vous \u00e0 nos \u00e9v\u00e9nements\" \/>\n<meta property=\"og:description\" content=\"Inscrivez-vous d\u00e8s aujourd&#039;hui aux \u00e9v\u00e9nements de l&#039;Orchestre National des Jeunes du Luxembourg et vivez une exp\u00e9rience musicale inoubliable\" \/>\n<meta property=\"og:url\" content=\"https:\/\/onj.lu\/en\/inscriptions\/\" \/>\n<meta property=\"og:site_name\" content=\"Orchestre National des Jeunes du Luxembourg\" \/>\n<meta property=\"article:modified_time\" content=\"2025-10-09T14:22:53+00:00\" \/>\n<meta name=\"twitter:card\" content=\"summary_large_image\" \/>\n<meta name=\"twitter:label1\" content=\"Est. reading time\" \/>\n\t<meta name=\"twitter:data1\" content=\"2 minutes\" \/>\n<script type=\"application\/ld+json\" class=\"yoast-schema-graph\">{\"@context\":\"https:\/\/schema.org\",\"@graph\":[{\"@type\":\"WebPage\",\"@id\":\"https:\/\/onj.lu\/en\/inscriptions\/\",\"url\":\"https:\/\/onj.lu\/en\/inscriptions\/\",\"name\":\"Orchestre National des Jeunes du Luxembourg: Inscrivez-vous \u00e0 nos \u00e9v\u00e9nements\",\"isPartOf\":{\"@id\":\"https:\/\/onj.lu\/en\/#website\"},\"datePublished\":\"2023-10-05T09:04:12+00:00\",\"dateModified\":\"2025-10-09T14:22:53+00:00\",\"description\":\"Inscrivez-vous d\u00e8s aujourd'hui aux \u00e9v\u00e9nements de l'Orchestre National des Jeunes du Luxembourg et vivez une exp\u00e9rience musicale inoubliable\",\"breadcrumb\":{\"@id\":\"https:\/\/onj.lu\/en\/inscriptions\/#breadcrumb\"},\"inLanguage\":\"en-US\",\"potentialAction\":[{\"@type\":\"ReadAction\",\"target\":[\"https:\/\/onj.lu\/en\/inscriptions\/\"]}]},{\"@type\":\"BreadcrumbList\",\"@id\":\"https:\/\/onj.lu\/en\/inscriptions\/#breadcrumb\",\"itemListElement\":[{\"@type\":\"ListItem\",\"position\":1,\"name\":\"Home\",\"item\":\"https:\/\/onj.lu\/en\/\"},{\"@type\":\"ListItem\",\"position\":2,\"name\":\"Inscriptions\"}]},{\"@type\":\"WebSite\",\"@id\":\"https:\/\/onj.lu\/en\/#website\",\"url\":\"https:\/\/onj.lu\/en\/\",\"name\":\"Orchestre National des Jeunes du Luxembourg\",\"description\":\"\",\"potentialAction\":[{\"@type\":\"SearchAction\",\"target\":{\"@type\":\"EntryPoint\",\"urlTemplate\":\"https:\/\/onj.lu\/en\/?s={search_term_string}\"},\"query-input\":{\"@type\":\"PropertyValueSpecification\",\"valueRequired\":true,\"valueName\":\"search_term_string\"}}],\"inLanguage\":\"en-US\"}]}<\/script>\n<!-- \/ Yoast SEO plugin. -->","yoast_head_json":{"title":"Orchestre National des Jeunes du Luxembourg: Inscrivez-vous \u00e0 nos \u00e9v\u00e9nements","description":"Inscrivez-vous d\u00e8s aujourd'hui aux \u00e9v\u00e9nements de l'Orchestre National des Jeunes du Luxembourg et vivez une exp\u00e9rience musicale inoubliable","robots":{"index":"index","follow":"follow","max-snippet":"max-snippet:-1","max-image-preview":"max-image-preview:large","max-video-preview":"max-video-preview:-1"},"canonical":"https:\/\/onj.lu\/en\/inscriptions\/","og_locale":"en_US","og_type":"article","og_title":"Orchestre National des Jeunes du Luxembourg: Inscrivez-vous \u00e0 nos \u00e9v\u00e9nements","og_description":"Inscrivez-vous d\u00e8s aujourd'hui aux \u00e9v\u00e9nements de l'Orchestre National des Jeunes du Luxembourg et vivez une exp\u00e9rience musicale inoubliable","og_url":"https:\/\/onj.lu\/en\/inscriptions\/","og_site_name":"Orchestre National des Jeunes du Luxembourg","article_modified_time":"2025-10-09T14:22:53+00:00","twitter_card":"summary_large_image","twitter_misc":{"Est. reading time":"2 minutes"},"schema":{"@context":"https:\/\/schema.org","@graph":[{"@type":"WebPage","@id":"https:\/\/onj.lu\/en\/inscriptions\/","url":"https:\/\/onj.lu\/en\/inscriptions\/","name":"Orchestre National des Jeunes du Luxembourg: Inscrivez-vous \u00e0 nos \u00e9v\u00e9nements","isPartOf":{"@id":"https:\/\/onj.lu\/en\/#website"},"datePublished":"2023-10-05T09:04:12+00:00","dateModified":"2025-10-09T14:22:53+00:00","description":"Inscrivez-vous d\u00e8s aujourd'hui aux \u00e9v\u00e9nements de l'Orchestre National des Jeunes du Luxembourg et vivez une exp\u00e9rience musicale inoubliable","breadcrumb":{"@id":"https:\/\/onj.lu\/en\/inscriptions\/#breadcrumb"},"inLanguage":"en-US","potentialAction":[{"@type":"ReadAction","target":["https:\/\/onj.lu\/en\/inscriptions\/"]}]},{"@type":"BreadcrumbList","@id":"https:\/\/onj.lu\/en\/inscriptions\/#breadcrumb","itemListElement":[{"@type":"ListItem","position":1,"name":"Home","item":"https:\/\/onj.lu\/en\/"},{"@type":"ListItem","position":2,"name":"Inscriptions"}]},{"@type":"WebSite","@id":"https:\/\/onj.lu\/en\/#website","url":"https:\/\/onj.lu\/en\/","name":"Orchestre National des Jeunes du Luxembourg","description":"","potentialAction":[{"@type":"SearchAction","target":{"@type":"EntryPoint","urlTemplate":"https:\/\/onj.lu\/en\/?s={search_term_string}"},"query-input":{"@type":"PropertyValueSpecification","valueRequired":true,"valueName":"search_term_string"}}],"inLanguage":"en-US"}]}},"_links":{"self":[{"href":"https:\/\/onj.lu\/en\/wp-json\/wp\/v2\/pages\/1988","targetHints":{"allow":["GET"]}}],"collection":[{"href":"https:\/\/onj.lu\/en\/wp-json\/wp\/v2\/pages"}],"about":[{"href":"https:\/\/onj.lu\/en\/wp-json\/wp\/v2\/types\/page"}],"author":[{"embeddable":true,"href":"https:\/\/onj.lu\/en\/wp-json\/wp\/v2\/users\/1"}],"replies":[{"embeddable":true,"href":"https:\/\/onj.lu\/en\/wp-json\/wp\/v2\/comments?post=1988"}],"version-history":[{"count":3,"href":"https:\/\/onj.lu\/en\/wp-json\/wp\/v2\/pages\/1988\/revisions"}],"predecessor-version":[{"id":3847,"href":"https:\/\/onj.lu\/en\/wp-json\/wp\/v2\/pages\/1988\/revisions\/3847"}],"wp:attachment":[{"href":"https:\/\/onj.lu\/en\/wp-json\/wp\/v2\/media?parent=1988"}],"curies":[{"name":"wp","href":"https:\/\/api.w.org\/{rel}","templated":true}]}}