{"id":1992,"date":"2023-10-05T09:05:07","date_gmt":"2023-10-05T09:05:07","guid":{"rendered":"https:\/\/onj.lu\/equipe\/"},"modified":"2025-10-09T14:17:45","modified_gmt":"2025-10-09T14:17:45","slug":"equipe","status":"publish","type":"page","link":"https:\/\/onj.lu\/en\/equipe\/","title":{"rendered":"Equipe"},"content":{"rendered":"","protected":false},"excerpt":{"rendered":"","protected":false},"author":1,"featured_media":0,"parent":0,"menu_order":0,"comment_status":"closed","ping_status":"closed","template":"page-team.php","meta":{"_acf_changed":false,"footnotes":""},"class_list":["post-1992","page","type-page","status-publish","hentry"],"acf":[],"yoast_head":"<!-- This site is optimized with the Yoast SEO plugin v27.2 - https:\/\/yoast.com\/product\/yoast-seo-wordpress\/ -->\n<title>Orchestre National des Jeunes du Luxembourg: Rencontrez l&#039;\u00e9quipe<\/title>\n<meta name=\"description\" content=\"D\u00e9couvrez toutes les personnes derri\u00e8re le projet de l&#039;Orchestre National des Jeunes du Luxembourg\" \/>\n<meta name=\"robots\" content=\"index, follow, max-snippet:-1, max-image-preview:large, max-video-preview:-1\" \/>\n<link rel=\"canonical\" href=\"https:\/\/onj.lu\/en\/equipe\/\" \/>\n<meta property=\"og:locale\" content=\"en_US\" \/>\n<meta property=\"og:type\" content=\"article\" \/>\n<meta property=\"og:title\" content=\"Orchestre National des Jeunes du Luxembourg: Rencontrez l&#039;\u00e9quipe\" \/>\n<meta property=\"og:description\" content=\"D\u00e9couvrez toutes les personnes derri\u00e8re le projet de l&#039;Orchestre National des Jeunes du Luxembourg\" \/>\n<meta property=\"og:url\" content=\"https:\/\/onj.lu\/en\/equipe\/\" \/>\n<meta property=\"og:site_name\" content=\"Orchestre National des Jeunes du Luxembourg\" \/>\n<meta property=\"article:modified_time\" content=\"2025-10-09T14:17:45+00:00\" \/>\n<meta name=\"twitter:card\" content=\"summary_large_image\" \/>\n<meta name=\"twitter:label1\" content=\"Est. reading time\" \/>\n\t<meta name=\"twitter:data1\" content=\"1 minute\" \/>\n<script type=\"application\/ld+json\" class=\"yoast-schema-graph\">{\"@context\":\"https:\/\/schema.org\",\"@graph\":[{\"@type\":\"WebPage\",\"@id\":\"https:\/\/onj.lu\/en\/equipe\/\",\"url\":\"https:\/\/onj.lu\/en\/equipe\/\",\"name\":\"Orchestre National des Jeunes du Luxembourg: Rencontrez l'\u00e9quipe\",\"isPartOf\":{\"@id\":\"https:\/\/onj.lu\/en\/#website\"},\"datePublished\":\"2023-10-05T09:05:07+00:00\",\"dateModified\":\"2025-10-09T14:17:45+00:00\",\"description\":\"D\u00e9couvrez toutes les personnes derri\u00e8re le projet de l'Orchestre National des Jeunes du Luxembourg\",\"breadcrumb\":{\"@id\":\"https:\/\/onj.lu\/en\/equipe\/#breadcrumb\"},\"inLanguage\":\"en-US\",\"potentialAction\":[{\"@type\":\"ReadAction\",\"target\":[\"https:\/\/onj.lu\/en\/equipe\/\"]}]},{\"@type\":\"BreadcrumbList\",\"@id\":\"https:\/\/onj.lu\/en\/equipe\/#breadcrumb\",\"itemListElement\":[{\"@type\":\"ListItem\",\"position\":1,\"name\":\"Home\",\"item\":\"https:\/\/onj.lu\/en\/\"},{\"@type\":\"ListItem\",\"position\":2,\"name\":\"Equipe\"}]},{\"@type\":\"WebSite\",\"@id\":\"https:\/\/onj.lu\/en\/#website\",\"url\":\"https:\/\/onj.lu\/en\/\",\"name\":\"Orchestre National des Jeunes du Luxembourg\",\"description\":\"\",\"potentialAction\":[{\"@type\":\"SearchAction\",\"target\":{\"@type\":\"EntryPoint\",\"urlTemplate\":\"https:\/\/onj.lu\/en\/?s={search_term_string}\"},\"query-input\":{\"@type\":\"PropertyValueSpecification\",\"valueRequired\":true,\"valueName\":\"search_term_string\"}}],\"inLanguage\":\"en-US\"}]}<\/script>\n<!-- \/ Yoast SEO plugin. -->","yoast_head_json":{"title":"Orchestre National des Jeunes du Luxembourg: Rencontrez l'\u00e9quipe","description":"D\u00e9couvrez toutes les personnes derri\u00e8re le projet de l'Orchestre National des Jeunes du Luxembourg","robots":{"index":"index","follow":"follow","max-snippet":"max-snippet:-1","max-image-preview":"max-image-preview:large","max-video-preview":"max-video-preview:-1"},"canonical":"https:\/\/onj.lu\/en\/equipe\/","og_locale":"en_US","og_type":"article","og_title":"Orchestre National des Jeunes du Luxembourg: Rencontrez l'\u00e9quipe","og_description":"D\u00e9couvrez toutes les personnes derri\u00e8re le projet de l'Orchestre National des Jeunes du Luxembourg","og_url":"https:\/\/onj.lu\/en\/equipe\/","og_site_name":"Orchestre National des Jeunes du Luxembourg","article_modified_time":"2025-10-09T14:17:45+00:00","twitter_card":"summary_large_image","twitter_misc":{"Est. reading time":"1 minute"},"schema":{"@context":"https:\/\/schema.org","@graph":[{"@type":"WebPage","@id":"https:\/\/onj.lu\/en\/equipe\/","url":"https:\/\/onj.lu\/en\/equipe\/","name":"Orchestre National des Jeunes du Luxembourg: Rencontrez l'\u00e9quipe","isPartOf":{"@id":"https:\/\/onj.lu\/en\/#website"},"datePublished":"2023-10-05T09:05:07+00:00","dateModified":"2025-10-09T14:17:45+00:00","description":"D\u00e9couvrez toutes les personnes derri\u00e8re le projet de l'Orchestre National des Jeunes du Luxembourg","breadcrumb":{"@id":"https:\/\/onj.lu\/en\/equipe\/#breadcrumb"},"inLanguage":"en-US","potentialAction":[{"@type":"ReadAction","target":["https:\/\/onj.lu\/en\/equipe\/"]}]},{"@type":"BreadcrumbList","@id":"https:\/\/onj.lu\/en\/equipe\/#breadcrumb","itemListElement":[{"@type":"ListItem","position":1,"name":"Home","item":"https:\/\/onj.lu\/en\/"},{"@type":"ListItem","position":2,"name":"Equipe"}]},{"@type":"WebSite","@id":"https:\/\/onj.lu\/en\/#website","url":"https:\/\/onj.lu\/en\/","name":"Orchestre National des Jeunes du Luxembourg","description":"","potentialAction":[{"@type":"SearchAction","target":{"@type":"EntryPoint","urlTemplate":"https:\/\/onj.lu\/en\/?s={search_term_string}"},"query-input":{"@type":"PropertyValueSpecification","valueRequired":true,"valueName":"search_term_string"}}],"inLanguage":"en-US"}]}},"_links":{"self":[{"href":"https:\/\/onj.lu\/en\/wp-json\/wp\/v2\/pages\/1992","targetHints":{"allow":["GET"]}}],"collection":[{"href":"https:\/\/onj.lu\/en\/wp-json\/wp\/v2\/pages"}],"about":[{"href":"https:\/\/onj.lu\/en\/wp-json\/wp\/v2\/types\/page"}],"author":[{"embeddable":true,"href":"https:\/\/onj.lu\/en\/wp-json\/wp\/v2\/users\/1"}],"replies":[{"embeddable":true,"href":"https:\/\/onj.lu\/en\/wp-json\/wp\/v2\/comments?post=1992"}],"version-history":[{"count":10,"href":"https:\/\/onj.lu\/en\/wp-json\/wp\/v2\/pages\/1992\/revisions"}],"predecessor-version":[{"id":3845,"href":"https:\/\/onj.lu\/en\/wp-json\/wp\/v2\/pages\/1992\/revisions\/3845"}],"wp:attachment":[{"href":"https:\/\/onj.lu\/en\/wp-json\/wp\/v2\/media?parent=1992"}],"curies":[{"name":"wp","href":"https:\/\/api.w.org\/{rel}","templated":true}]}}